{"id":1305,"date":"2024-10-06T08:01:21","date_gmt":"2024-10-06T08:01:21","guid":{"rendered":"https:\/\/marekdworzecki.pl\/?page_id=1305"},"modified":"2024-10-06T08:10:59","modified_gmt":"2024-10-06T08:10:59","slug":"blog","status":"publish","type":"page","link":"https:\/\/marekdworzecki.pl\/en\/blog\/","title":{"rendered":"Blog"},"content":{"rendered":"<div data-elementor-type=\"wp-page\" data-elementor-id=\"1305\" class=\"elementor elementor-1305\" data-elementor-post-type=\"page\">\n\t\t\t\t<div class=\"elementor-element elementor-element-d55619d e-flex e-con-boxed e-con e-parent\" data-id=\"d55619d\" data-element_type=\"container\">\n\t\t\t\t\t<div class=\"e-con-inner\">\n\t\t\t\t<div class=\"elementor-element elementor-element-16c457f elementor-grid-3 elementor-grid-tablet-2 elementor-grid-mobile-1 elementor-posts--thumbnail-top elementor-card-shadow-yes elementor-posts__hover-gradient elementor-widget elementor-widget-posts\" data-id=\"16c457f\" data-element_type=\"widget\" data-settings=\"{&quot;cards_columns&quot;:&quot;3&quot;,&quot;cards_columns_tablet&quot;:&quot;2&quot;,&quot;cards_columns_mobile&quot;:&quot;1&quot;,&quot;cards_row_gap&quot;:{&quot;unit&quot;:&quot;px&quot;,&quot;size&quot;:35,&quot;sizes&quot;:[]},&quot;cards_row_gap_tablet&quot;:{&quot;unit&quot;:&quot;px&quot;,&quot;size&quot;:&quot;&quot;,&quot;sizes&quot;:[]},&quot;cards_row_gap_mobile&quot;:{&quot;unit&quot;:&quot;px&quot;,&quot;size&quot;:&quot;&quot;,&quot;sizes&quot;:[]}}\" data-widget_type=\"posts.cards\">\n\t\t\t\t<div class=\"elementor-widget-container\">\n\t\t\t\t\t\t\t<div class=\"elementor-posts-container elementor-posts elementor-posts--skin-cards elementor-grid\" role=\"list\">\n\t\t\t\t<article class=\"elementor-post elementor-grid-item post-1524 post type-post status-publish format-standard has-post-thumbnail hentry category-uncategorized\" role=\"listitem\">\n\t\t\t<div class=\"elementor-post__card\">\n\t\t\t\t<a class=\"elementor-post__thumbnail__link\" href=\"https:\/\/marekdworzecki.pl\/en\/bezstresowa-nauka-jazdy-prawda-czy-klamstwo\/\" tabindex=\"-1\" ><div class=\"elementor-post__thumbnail\"><img fetchpriority=\"high\" decoding=\"async\" width=\"3500\" height=\"2333\" src=\"https:\/\/marekdworzecki.pl\/wp-content\/uploads\/2024\/12\/02-3500x2333.jpg\" class=\"attachment-medium size-medium wp-image-1525\" alt=\"\" srcset=\"https:\/\/marekdworzecki.pl\/wp-content\/uploads\/2024\/12\/02-3500x2333.jpg 3500w, https:\/\/marekdworzecki.pl\/wp-content\/uploads\/2024\/12\/02-768x512.jpg 768w, https:\/\/marekdworzecki.pl\/wp-content\/uploads\/2024\/12\/02-1536x1024.jpg 1536w, https:\/\/marekdworzecki.pl\/wp-content\/uploads\/2024\/12\/02-2048x1365.jpg 2048w, https:\/\/marekdworzecki.pl\/wp-content\/uploads\/2024\/12\/02-18x12.jpg 18w\" sizes=\"(max-width: 3500px) 100vw, 3500px\" \/><\/div><\/a>\n\t\t\t\t<div class=\"elementor-post__text\">\n\t\t\t\t<h3 class=\"elementor-post__title\">\n\t\t\t<a href=\"https:\/\/marekdworzecki.pl\/en\/bezstresowa-nauka-jazdy-prawda-czy-klamstwo\/\" >\n\t\t\t\t&#8222;Bezstresowa nauka jazdy&#8221; &#8211; prawda, czy k\u0142amstwo?\t\t\t<\/a>\n\t\t<\/h3>\n\t\t\t\t<div class=\"elementor-post__excerpt\">\n\t\t\t<p>Kandydaci na kierowc\u0119 chc\u0105cy skorzysta\u0107 z kursu nauki jazdy, s\u0142usznie oczekuj\u0105 ze strony o\u015brodka szkolenia kierowc\u00f3w i samego szkoleniowca (instruktora), wykonania us\u0142ugi na najwy\u017cszym poziomie.<\/p>\n\t\t<\/div>\n\t\t\t\t\t<div class=\"elementor-post__read-more-wrapper\">\n\t\t\n\t\t<a class=\"elementor-post__read-more\" href=\"https:\/\/marekdworzecki.pl\/en\/bezstresowa-nauka-jazdy-prawda-czy-klamstwo\/\" aria-label=\"Read more about &#8222;Bezstresowa nauka jazdy&#8221; &#8211; prawda, czy k\u0142amstwo?\" tabindex=\"-1\" >\n\t\t\tCzytaj dalej \u00bb\t\t<\/a>\n\n\t\t\t\t\t<\/div>\n\t\t\t\t<\/div>\n\t\t\t\t<div class=\"elementor-post__meta-data\">\n\t\t\t\t\t<span class=\"elementor-post-date\">\n\t\t\tDecember 1, 2024\t\t<\/span>\n\t\t\t\t<\/div>\n\t\t\t\t\t<\/div>\n\t\t<\/article>\n\t\t\t\t<article class=\"elementor-post elementor-grid-item post-1331 post type-post status-publish format-standard has-post-thumbnail hentry category-uncategorized\" role=\"listitem\">\n\t\t\t<div class=\"elementor-post__card\">\n\t\t\t\t<a class=\"elementor-post__thumbnail__link\" href=\"https:\/\/marekdworzecki.pl\/en\/czy-kurs-na-prawo-jazdy-najlepiej-zrobic-wiosna-i-lub-latem\/\" tabindex=\"-1\" ><div class=\"elementor-post__thumbnail\"><img decoding=\"async\" width=\"1000\" height=\"1000\" src=\"https:\/\/marekdworzecki.pl\/wp-content\/uploads\/2024\/10\/Jesien-zima.png\" class=\"attachment-medium size-medium wp-image-1332\" alt=\"\" srcset=\"https:\/\/marekdworzecki.pl\/wp-content\/uploads\/2024\/10\/Jesien-zima.png 1000w, https:\/\/marekdworzecki.pl\/wp-content\/uploads\/2024\/10\/Jesien-zima-768x768.png 768w, https:\/\/marekdworzecki.pl\/wp-content\/uploads\/2024\/10\/Jesien-zima-12x12.png 12w\" sizes=\"(max-width: 1000px) 100vw, 1000px\" \/><\/div><\/a>\n\t\t\t\t<div class=\"elementor-post__text\">\n\t\t\t\t<h3 class=\"elementor-post__title\">\n\t\t\t<a href=\"https:\/\/marekdworzecki.pl\/en\/czy-kurs-na-prawo-jazdy-najlepiej-zrobic-wiosna-i-lub-latem\/\" >\n\t\t\t\tCzy kurs na prawo jazdy najlepiej odby\u0107 wiosn\u0105 i\/lub latem?\t\t\t<\/a>\n\t\t<\/h3>\n\t\t\t\t<div class=\"elementor-post__excerpt\">\n\t\t\t<p>Mo\u017cemy spotka\u0107 si\u0119 z pogl\u0105dem, \u017ce kurs nauki jazdy najlepiej odby\u0107 w okresie wiosenno-letnim. Jest to po cz\u0119\u015bci zrozumia\u0142e chocia\u017cby z tego powodu, \u017ce kandydatami<\/p>\n\t\t<\/div>\n\t\t\t\t\t<div class=\"elementor-post__read-more-wrapper\">\n\t\t\n\t\t<a class=\"elementor-post__read-more\" href=\"https:\/\/marekdworzecki.pl\/en\/czy-kurs-na-prawo-jazdy-najlepiej-zrobic-wiosna-i-lub-latem\/\" aria-label=\"Read more about Czy kurs na prawo jazdy najlepiej odby\u0107 wiosn\u0105 i\/lub latem?\" tabindex=\"-1\" >\n\t\t\tCzytaj dalej \u00bb\t\t<\/a>\n\n\t\t\t\t\t<\/div>\n\t\t\t\t<\/div>\n\t\t\t\t<div class=\"elementor-post__meta-data\">\n\t\t\t\t\t<span class=\"elementor-post-date\">\n\t\t\tOctober 6, 2024\t\t<\/span>\n\t\t\t\t<\/div>\n\t\t\t\t\t<\/div>\n\t\t<\/article>\n\t\t\t\t<\/div>\n\t\t\n\t\t\t\t\t\t<\/div>\n\t\t\t\t<\/div>\n\t\t\t\t\t<\/div>\n\t\t\t\t<\/div>\n\t\t\t\t<\/div>","protected":false},"excerpt":{"rendered":"","protected":false},"author":1,"featured_media":0,"parent":0,"menu_order":0,"comment_status":"closed","ping_status":"closed","template":"","meta":{"_acf_changed":false,"_sharing_image":[],"_sharing_image_fieldset":[],"footnotes":""},"class_list":["post-1305","page","type-page","status-publish","hentry"],"acf":[],"yoast_head":"<!-- This site is optimized with the Yoast SEO Premium plugin v21.1 (Yoast SEO v26.2) - https:\/\/yoast.com\/wordpress\/plugins\/seo\/ -->\n<title>Blog - Marek Dworzecki<\/title>\n<meta name=\"robots\" content=\"index, follow, max-snippet:-1, max-image-preview:large, max-video-preview:-1\" \/>\n<link rel=\"canonical\" href=\"https:\/\/marekdworzecki.pl\/en\/blog\/\" \/>\n<meta property=\"og:locale\" content=\"en_GB\" \/>\n<meta property=\"og:type\" content=\"article\" \/>\n<meta property=\"og:title\" content=\"Blog\" \/>\n<meta property=\"og:url\" content=\"https:\/\/marekdworzecki.pl\/en\/blog\/\" \/>\n<meta property=\"og:site_name\" content=\"Marek Dworzecki\" \/>\n<meta property=\"article:modified_time\" content=\"2024-10-06T08:10:59+00:00\" \/>\n<meta property=\"og:image\" content=\"https:\/\/marekdworzecki.pl\/wp-content\/uploads\/2024\/10\/marek_dworzecki_logo.png\" \/>\n\t<meta property=\"og:image:width\" content=\"1200\" \/>\n\t<meta property=\"og:image:height\" content=\"675\" \/>\n\t<meta property=\"og:image:type\" content=\"image\/png\" \/>\n<meta name=\"twitter:card\" content=\"summary_large_image\" \/>\n<script type=\"application\/ld+json\" class=\"yoast-schema-graph\">{\"@context\":\"https:\/\/schema.org\",\"@graph\":[{\"@type\":\"WebPage\",\"@id\":\"https:\/\/marekdworzecki.pl\/nn\/blog\/\",\"url\":\"https:\/\/marekdworzecki.pl\/nn\/blog\/\",\"name\":\"Blog - Marek Dworzecki\",\"isPartOf\":{\"@id\":\"https:\/\/marekdworzecki.pl\/en\/#website\"},\"datePublished\":\"2024-10-06T08:01:21+00:00\",\"dateModified\":\"2024-10-06T08:10:59+00:00\",\"breadcrumb\":{\"@id\":\"https:\/\/marekdworzecki.pl\/nn\/blog\/#breadcrumb\"},\"inLanguage\":\"en-GB\",\"potentialAction\":[{\"@type\":\"ReadAction\",\"target\":[\"https:\/\/marekdworzecki.pl\/nn\/blog\/\"]}]},{\"@type\":\"BreadcrumbList\",\"@id\":\"https:\/\/marekdworzecki.pl\/nn\/blog\/#breadcrumb\",\"itemListElement\":[{\"@type\":\"ListItem\",\"position\":1,\"name\":\"Strona g\u0142\u00f3wna\",\"item\":\"https:\/\/marekdworzecki.pl\/de\/\"},{\"@type\":\"ListItem\",\"position\":2,\"name\":\"Blog\"}]},{\"@type\":\"WebSite\",\"@id\":\"https:\/\/marekdworzecki.pl\/en\/#website\",\"url\":\"https:\/\/marekdworzecki.pl\/en\/\",\"name\":\"Marek Dworzecki\",\"description\":\"Instruktor nauki jazdy i techniki jazdy | Trener jazdy defensywnej | Jazdy doszkalaj\u0105ce Radom\",\"publisher\":{\"@id\":\"https:\/\/marekdworzecki.pl\/en\/#organization\"},\"potentialAction\":[{\"@type\":\"SearchAction\",\"target\":{\"@type\":\"EntryPoint\",\"urlTemplate\":\"https:\/\/marekdworzecki.pl\/en\/?s={search_term_string}\"},\"query-input\":{\"@type\":\"PropertyValueSpecification\",\"valueRequired\":true,\"valueName\":\"search_term_string\"}}],\"inLanguage\":\"en-GB\"},{\"@type\":\"Organization\",\"@id\":\"https:\/\/marekdworzecki.pl\/en\/#organization\",\"name\":\"Marek Dworzecki\",\"url\":\"https:\/\/marekdworzecki.pl\/en\/\",\"logo\":{\"@type\":\"ImageObject\",\"inLanguage\":\"en-GB\",\"@id\":\"https:\/\/marekdworzecki.pl\/en\/#\/schema\/logo\/image\/\",\"url\":\"https:\/\/marekdworzecki.pl\/wp-content\/uploads\/2024\/05\/64.-Marek-logo.png\",\"contentUrl\":\"https:\/\/marekdworzecki.pl\/wp-content\/uploads\/2024\/05\/64.-Marek-logo.png\",\"width\":3315,\"height\":1084,\"caption\":\"Marek Dworzecki\"},\"image\":{\"@id\":\"https:\/\/marekdworzecki.pl\/en\/#\/schema\/logo\/image\/\"}}]}<\/script>\n<!-- \/ Yoast SEO Premium plugin. -->","yoast_head_json":{"title":"Blog - Marek Dworzecki","robots":{"index":"index","follow":"follow","max-snippet":"max-snippet:-1","max-image-preview":"max-image-preview:large","max-video-preview":"max-video-preview:-1"},"canonical":"https:\/\/marekdworzecki.pl\/en\/blog\/","og_locale":"en_GB","og_type":"article","og_title":"Blog","og_url":"https:\/\/marekdworzecki.pl\/en\/blog\/","og_site_name":"Marek Dworzecki","article_modified_time":"2024-10-06T08:10:59+00:00","og_image":[{"width":1200,"height":675,"url":"https:\/\/marekdworzecki.pl\/wp-content\/uploads\/2024\/10\/marek_dworzecki_logo.png","type":"image\/png"}],"twitter_card":"summary_large_image","schema":{"@context":"https:\/\/schema.org","@graph":[{"@type":"WebPage","@id":"https:\/\/marekdworzecki.pl\/nn\/blog\/","url":"https:\/\/marekdworzecki.pl\/nn\/blog\/","name":"Blog - Marek Dworzecki","isPartOf":{"@id":"https:\/\/marekdworzecki.pl\/en\/#website"},"datePublished":"2024-10-06T08:01:21+00:00","dateModified":"2024-10-06T08:10:59+00:00","breadcrumb":{"@id":"https:\/\/marekdworzecki.pl\/nn\/blog\/#breadcrumb"},"inLanguage":"en-GB","potentialAction":[{"@type":"ReadAction","target":["https:\/\/marekdworzecki.pl\/nn\/blog\/"]}]},{"@type":"BreadcrumbList","@id":"https:\/\/marekdworzecki.pl\/nn\/blog\/#breadcrumb","itemListElement":[{"@type":"ListItem","position":1,"name":"Strona g\u0142\u00f3wna","item":"https:\/\/marekdworzecki.pl\/de\/"},{"@type":"ListItem","position":2,"name":"Blog"}]},{"@type":"WebSite","@id":"https:\/\/marekdworzecki.pl\/en\/#website","url":"https:\/\/marekdworzecki.pl\/en\/","name":"Marek Dworzecki","description":"Instruktor nauki jazdy i techniki jazdy | Trener jazdy defensywnej | Jazdy doszkalaj\u0105ce Radom","publisher":{"@id":"https:\/\/marekdworzecki.pl\/en\/#organization"},"potentialAction":[{"@type":"SearchAction","target":{"@type":"EntryPoint","urlTemplate":"https:\/\/marekdworzecki.pl\/en\/?s={search_term_string}"},"query-input":{"@type":"PropertyValueSpecification","valueRequired":true,"valueName":"search_term_string"}}],"inLanguage":"en-GB"},{"@type":"Organization","@id":"https:\/\/marekdworzecki.pl\/en\/#organization","name":"Marek Dworzecki","url":"https:\/\/marekdworzecki.pl\/en\/","logo":{"@type":"ImageObject","inLanguage":"en-GB","@id":"https:\/\/marekdworzecki.pl\/en\/#\/schema\/logo\/image\/","url":"https:\/\/marekdworzecki.pl\/wp-content\/uploads\/2024\/05\/64.-Marek-logo.png","contentUrl":"https:\/\/marekdworzecki.pl\/wp-content\/uploads\/2024\/05\/64.-Marek-logo.png","width":3315,"height":1084,"caption":"Marek Dworzecki"},"image":{"@id":"https:\/\/marekdworzecki.pl\/en\/#\/schema\/logo\/image\/"}}]}},"_links":{"self":[{"href":"https:\/\/marekdworzecki.pl\/en\/wp-json\/wp\/v2\/pages\/1305","targetHints":{"allow":["GET"]}}],"collection":[{"href":"https:\/\/marekdworzecki.pl\/en\/wp-json\/wp\/v2\/pages"}],"about":[{"href":"https:\/\/marekdworzecki.pl\/en\/wp-json\/wp\/v2\/types\/page"}],"author":[{"embeddable":true,"href":"https:\/\/marekdworzecki.pl\/en\/wp-json\/wp\/v2\/users\/1"}],"replies":[{"embeddable":true,"href":"https:\/\/marekdworzecki.pl\/en\/wp-json\/wp\/v2\/comments?post=1305"}],"version-history":[{"count":13,"href":"https:\/\/marekdworzecki.pl\/en\/wp-json\/wp\/v2\/pages\/1305\/revisions"}],"predecessor-version":[{"id":1319,"href":"https:\/\/marekdworzecki.pl\/en\/wp-json\/wp\/v2\/pages\/1305\/revisions\/1319"}],"wp:attachment":[{"href":"https:\/\/marekdworzecki.pl\/en\/wp-json\/wp\/v2\/media?parent=1305"}],"curies":[{"name":"wp","href":"https:\/\/api.w.org\/{rel}","templated":true}]}}