{"id":463,"date":"2024-05-13T17:54:33","date_gmt":"2024-05-13T17:54:33","guid":{"rendered":"https:\/\/marekdworzecki.pl\/?page_id=463"},"modified":"2025-08-01T12:11:48","modified_gmt":"2025-08-01T12:11:48","slug":"kontakt","status":"publish","type":"page","link":"https:\/\/marekdworzecki.pl\/fi\/kontakt\/","title":{"rendered":"Yhteystiedot"},"content":{"rendered":"<div data-elementor-type=\"wp-page\" data-elementor-id=\"463\" class=\"elementor elementor-463\" data-elementor-post-type=\"page\">\n\t\t\t\t<div class=\"elementor-element elementor-element-3d1e32c3 e-flex e-con-boxed e-con e-parent\" data-id=\"3d1e32c3\" data-element_type=\"container\" data-settings=\"{&quot;background_background&quot;:&quot;classic&quot;}\">\n\t\t\t\t\t<div class=\"e-con-inner\">\n\t\t<div class=\"elementor-element elementor-element-38c36772 e-flex e-con-boxed e-con e-child\" data-id=\"38c36772\" data-element_type=\"container\">\n\t\t\t\t\t<div class=\"e-con-inner\">\n\t\t\t\t<div class=\"elementor-element elementor-element-5d29b5d4 animated-slow elementor-invisible elementor-widget elementor-widget-heading\" data-id=\"5d29b5d4\" data-element_type=\"widget\" data-settings=\"{&quot;_animation&quot;:&quot;slideInUp&quot;}\" data-widget_type=\"heading.default\">\n\t\t\t\t<div class=\"elementor-widget-container\">\n\t\t\t\t\t<h2 class=\"elementor-heading-title elementor-size-default\">zAPISZ SI\u0118 NA jazdy doszkalaj\u0105ce<\/h2>\t\t\t\t<\/div>\n\t\t\t\t<\/div>\n\t\t\t\t<div class=\"elementor-element elementor-element-4e03a61 elementor-widget elementor-widget-text-editor\" data-id=\"4e03a61\" data-element_type=\"widget\" data-widget_type=\"text-editor.default\">\n\t\t\t\t<div class=\"elementor-widget-container\">\n\t\t\t\t\t\t\t\t\t<p>Dzwoni\u0105c bezpo\u015brednio do mnie lub wype\u0142niaj\u0105c poni\u017cszy formularz kontaktowy.<\/p>\t\t\t\t\t\t\t\t<\/div>\n\t\t\t\t<\/div>\n\t\t\t\t\t<\/div>\n\t\t\t\t<\/div>\n\t\t<div class=\"elementor-element elementor-element-1d1027f8 e-con-full e-flex e-con e-child\" data-id=\"1d1027f8\" data-element_type=\"container\">\n\t\t<div class=\"elementor-element elementor-element-3d22373 e-con-full e-flex e-con e-child\" data-id=\"3d22373\" data-element_type=\"container\">\n\t\t\t\t<div class=\"elementor-element elementor-element-1cf5058a elementor-widget elementor-widget-heading\" data-id=\"1cf5058a\" data-element_type=\"widget\" data-widget_type=\"heading.default\">\n\t\t\t\t<div class=\"elementor-widget-container\">\n\t\t\t\t\t<h3 class=\"elementor-heading-title elementor-size-default\">DANE KONTAKTOWE<\/h3>\t\t\t\t<\/div>\n\t\t\t\t<\/div>\n\t\t\t\t<div class=\"elementor-element elementor-element-17469bbf elementor-align-center elementor-icon-list--layout-traditional elementor-list-item-link-full_width elementor-widget elementor-widget-icon-list\" data-id=\"17469bbf\" data-element_type=\"widget\" data-widget_type=\"icon-list.default\">\n\t\t\t\t<div class=\"elementor-widget-container\">\n\t\t\t\t\t\t\t<ul class=\"elementor-icon-list-items\">\n\t\t\t\t\t\t\t<li class=\"elementor-icon-list-item\">\n\t\t\t\t\t\t\t\t\t\t\t<a href=\"tel:606780998\">\n\n\t\t\t\t\t\t\t\t\t\t\t<span class=\"elementor-icon-list-text\">+48 606 780 998<\/span>\n\t\t\t\t\t\t\t\t\t\t\t<\/a>\n\t\t\t\t\t\t\t\t\t<\/li>\n\t\t\t\t\t\t\t\t<li class=\"elementor-icon-list-item\">\n\t\t\t\t\t\t\t\t\t\t\t<a href=\"mailto:marek.dworzecki@idtj.pl\">\n\n\t\t\t\t\t\t\t\t\t\t\t<span class=\"elementor-icon-list-text\">marek.dworzecki@idtj.pl<\/span>\n\t\t\t\t\t\t\t\t\t\t\t<\/a>\n\t\t\t\t\t\t\t\t\t<\/li>\n\t\t\t\t\t\t\t\t<li class=\"elementor-icon-list-item\">\n\t\t\t\t\t\t\t\t\t\t<span class=\"elementor-icon-list-text\"><b>OSK L-MOT <\/b><br>Budynek Las\u00f3w Pa\u0144stwowych,<br>p. 21 ul. 25 Czerwca 68, 26-600 Radom<br> tel: 48 363 21 21<br>e-mail:  info@l-mot.radom.pl<\/span>\n\t\t\t\t\t\t\t\t\t<\/li>\n\t\t\t\t\t\t<\/ul>\n\t\t\t\t\t\t<\/div>\n\t\t\t\t<\/div>\n\t\t\t\t<div class=\"elementor-element elementor-element-fe02eb2 elementor-widget elementor-widget-image\" data-id=\"fe02eb2\" data-element_type=\"widget\" data-widget_type=\"image.default\">\n\t\t\t\t<div class=\"elementor-widget-container\">\n\t\t\t\t\t\t\t\t\t\t\t\t\t\t\t<img fetchpriority=\"high\" decoding=\"async\" width=\"800\" height=\"336\" src=\"https:\/\/marekdworzecki.pl\/wp-content\/uploads\/2025\/08\/Group-5278fr-scaled-1.png\" class=\"attachment-large size-large wp-image-2093\" alt=\"\" srcset=\"https:\/\/marekdworzecki.pl\/wp-content\/uploads\/2025\/08\/Group-5278fr-scaled-1.png 2560w, https:\/\/marekdworzecki.pl\/wp-content\/uploads\/2025\/08\/Group-5278fr-scaled-1-768x323.png 768w, https:\/\/marekdworzecki.pl\/wp-content\/uploads\/2025\/08\/Group-5278fr-scaled-1-1536x645.png 1536w, https:\/\/marekdworzecki.pl\/wp-content\/uploads\/2025\/08\/Group-5278fr-scaled-1-2048x860.png 2048w, https:\/\/marekdworzecki.pl\/wp-content\/uploads\/2025\/08\/Group-5278fr-scaled-1-18x8.png 18w\" sizes=\"(max-width: 800px) 100vw, 800px\" \/>\t\t\t\t\t\t\t\t\t\t\t\t\t\t\t<\/div>\n\t\t\t\t<\/div>\n\t\t\t\t<\/div>\n\t\t<div class=\"elementor-element elementor-element-eb03c25 e-con-full e-flex e-con e-child\" data-id=\"eb03c25\" data-element_type=\"container\">\n\t\t<div class=\"elementor-element elementor-element-3313418 e-flex e-con-boxed e-con e-child\" data-id=\"3313418\" data-element_type=\"container\">\n\t\t\t\t\t<div class=\"e-con-inner\">\n\t\t\t\t<div class=\"elementor-element elementor-element-a1ca350 elementor-widget elementor-widget-heading\" data-id=\"a1ca350\" data-element_type=\"widget\" data-widget_type=\"heading.default\">\n\t\t\t\t<div class=\"elementor-widget-container\">\n\t\t\t\t\t<h2 class=\"elementor-heading-title elementor-size-default\">Wybierz form\u0119 szybkiego kontaktu<\/h2>\t\t\t\t<\/div>\n\t\t\t\t<\/div>\n\t\t\t\t<div class=\"elementor-element elementor-element-9ce7661 elementor-align-center elementor-widget elementor-widget-button\" data-id=\"9ce7661\" data-element_type=\"widget\" data-widget_type=\"button.default\">\n\t\t\t\t<div class=\"elementor-widget-container\">\n\t\t\t\t\t\t\t\t\t<div class=\"elementor-button-wrapper\">\n\t\t\t\t\t<a class=\"elementor-button elementor-button-link elementor-size-sm elementor-animation-grow\" href=\"tel:+48606780998\">\n\t\t\t\t\t\t<span class=\"elementor-button-content-wrapper\">\n\t\t\t\t\t\t<span class=\"elementor-button-icon\">\n\t\t\t\t<svg aria-hidden=\"true\" class=\"e-font-icon-svg e-fas-angle-right\" viewbox=\"0 0 256 512\" xmlns=\"http:\/\/www.w3.org\/2000\/svg\"><path d=\"M224.3 273l-136 136c-9.4 9.4-24.6 9.4-33.9 0l-22.6-22.6c-9.4-9.4-9.4-24.6 0-33.9l96.4-96.4-96.4-96.4c-9.4-9.4-9.4-24.6 0-33.9L54.3 103c9.4-9.4 24.6-9.4 33.9 0l136 136c9.5 9.4 9.5 24.6.1 34z\"><\/path><\/svg>\t\t\t<\/span>\n\t\t\t\t\t\t\t\t\t<span class=\"elementor-button-text\">Zadzwo\u0144<\/span>\n\t\t\t\t\t<\/span>\n\t\t\t\t\t<\/a>\n\t\t\t\t<\/div>\n\t\t\t\t\t\t\t\t<\/div>\n\t\t\t\t<\/div>\n\t\t\t\t<div class=\"elementor-element elementor-element-0747467 elementor-align-center elementor-widget elementor-widget-button\" data-id=\"0747467\" data-element_type=\"widget\" data-widget_type=\"button.default\">\n\t\t\t\t<div class=\"elementor-widget-container\">\n\t\t\t\t\t\t\t\t\t<div class=\"elementor-button-wrapper\">\n\t\t\t\t\t<a class=\"elementor-button elementor-button-link elementor-size-sm elementor-animation-grow\" href=\"sms:+48606780998\">\n\t\t\t\t\t\t<span class=\"elementor-button-content-wrapper\">\n\t\t\t\t\t\t<span class=\"elementor-button-icon\">\n\t\t\t\t<svg aria-hidden=\"true\" class=\"e-font-icon-svg e-fas-angle-right\" viewbox=\"0 0 256 512\" xmlns=\"http:\/\/www.w3.org\/2000\/svg\"><path d=\"M224.3 273l-136 136c-9.4 9.4-24.6 9.4-33.9 0l-22.6-22.6c-9.4-9.4-9.4-24.6 0-33.9l96.4-96.4-96.4-96.4c-9.4-9.4-9.4-24.6 0-33.9L54.3 103c9.4-9.4 24.6-9.4 33.9 0l136 136c9.5 9.4 9.5 24.6.1 34z\"><\/path><\/svg>\t\t\t<\/span>\n\t\t\t\t\t\t\t\t\t<span class=\"elementor-button-text\">Wy\u015blij wiadomo\u015b\u0107 SMS<\/span>\n\t\t\t\t\t<\/span>\n\t\t\t\t\t<\/a>\n\t\t\t\t<\/div>\n\t\t\t\t\t\t\t\t<\/div>\n\t\t\t\t<\/div>\n\t\t\t\t<div class=\"elementor-element elementor-element-0a9bbb2 elementor-align-center elementor-widget elementor-widget-button\" data-id=\"0a9bbb2\" data-element_type=\"widget\" data-widget_type=\"button.default\">\n\t\t\t\t<div class=\"elementor-widget-container\">\n\t\t\t\t\t\t\t\t\t<div class=\"elementor-button-wrapper\">\n\t\t\t\t\t<a class=\"elementor-button elementor-button-link elementor-size-sm elementor-animation-grow\" href=\"https:\/\/www.facebook.com\/JazdyDodatkoweRadom\">\n\t\t\t\t\t\t<span class=\"elementor-button-content-wrapper\">\n\t\t\t\t\t\t<span class=\"elementor-button-icon\">\n\t\t\t\t<svg aria-hidden=\"true\" class=\"e-font-icon-svg e-fas-angle-right\" viewbox=\"0 0 256 512\" xmlns=\"http:\/\/www.w3.org\/2000\/svg\"><path d=\"M224.3 273l-136 136c-9.4 9.4-24.6 9.4-33.9 0l-22.6-22.6c-9.4-9.4-9.4-24.6 0-33.9l96.4-96.4-96.4-96.4c-9.4-9.4-9.4-24.6 0-33.9L54.3 103c9.4-9.4 24.6-9.4 33.9 0l136 136c9.5 9.4 9.5 24.6.1 34z\"><\/path><\/svg>\t\t\t<\/span>\n\t\t\t\t\t\t\t\t\t<span class=\"elementor-button-text\">Wy\u015blij wiadomo\u015b\u0107 w aplikacji Messenger <\/span>\n\t\t\t\t\t<\/span>\n\t\t\t\t\t<\/a>\n\t\t\t\t<\/div>\n\t\t\t\t\t\t\t\t<\/div>\n\t\t\t\t<\/div>\n\t\t\t\t<div class=\"elementor-element elementor-element-8ddf3f0 elementor-align-center elementor-widget elementor-widget-button\" data-id=\"8ddf3f0\" data-element_type=\"widget\" data-widget_type=\"button.default\">\n\t\t\t\t<div class=\"elementor-widget-container\">\n\t\t\t\t\t\t\t\t\t<div class=\"elementor-button-wrapper\">\n\t\t\t\t\t<a class=\"elementor-button elementor-button-link elementor-size-sm elementor-animation-grow\" href=\"https:\/\/wa.me\/48606780998\">\n\t\t\t\t\t\t<span class=\"elementor-button-content-wrapper\">\n\t\t\t\t\t\t<span class=\"elementor-button-icon\">\n\t\t\t\t<svg aria-hidden=\"true\" class=\"e-font-icon-svg e-fas-angle-right\" viewbox=\"0 0 256 512\" xmlns=\"http:\/\/www.w3.org\/2000\/svg\"><path d=\"M224.3 273l-136 136c-9.4 9.4-24.6 9.4-33.9 0l-22.6-22.6c-9.4-9.4-9.4-24.6 0-33.9l96.4-96.4-96.4-96.4c-9.4-9.4-9.4-24.6 0-33.9L54.3 103c9.4-9.4 24.6-9.4 33.9 0l136 136c9.5 9.4 9.5 24.6.1 34z\"><\/path><\/svg>\t\t\t<\/span>\n\t\t\t\t\t\t\t\t\t<span class=\"elementor-button-text\">Wy\u015blij wiadomo\u015b\u0107 w aplikacji WhatsApp<\/span>\n\t\t\t\t\t<\/span>\n\t\t\t\t\t<\/a>\n\t\t\t\t<\/div>\n\t\t\t\t\t\t\t\t<\/div>\n\t\t\t\t<\/div>\n\t\t\t\t\t<\/div>\n\t\t\t\t<\/div>\n\t\t\t\t<\/div>\n\t\t\t\t<\/div>\n\t\t\t\t\t<\/div>\n\t\t\t\t<\/div>\n\t\t<div class=\"elementor-element elementor-element-d0d3c90 e-flex e-con-boxed e-con e-parent\" data-id=\"d0d3c90\" data-element_type=\"container\" data-settings=\"{&quot;background_background&quot;:&quot;classic&quot;}\">\n\t\t\t\t\t<div class=\"e-con-inner\">\n\t\t\t\t<div class=\"elementor-element elementor-element-73a189a elementor-widget elementor-widget-heading\" data-id=\"73a189a\" data-element_type=\"widget\" data-widget_type=\"heading.default\">\n\t\t\t\t<div class=\"elementor-widget-container\">\n\t\t\t\t\t<h3 class=\"elementor-heading-title elementor-size-default\">Napisz do mnie<\/h3>\t\t\t\t<\/div>\n\t\t\t\t<\/div>\n\t\t\t\t<div class=\"elementor-element elementor-element-88bd693 elementor-tablet-button-align-stretch elementor-button-align-stretch elementor-widget elementor-widget-form\" data-id=\"88bd693\" data-element_type=\"widget\" data-settings=\"{&quot;button_width&quot;:&quot;25&quot;,&quot;button_width_tablet&quot;:&quot;100&quot;,&quot;step_next_label&quot;:&quot;Next&quot;,&quot;step_previous_label&quot;:&quot;Previous&quot;,&quot;step_type&quot;:&quot;number_text&quot;,&quot;step_icon_shape&quot;:&quot;circle&quot;}\" data-widget_type=\"form.default\">\n\t\t\t\t<div class=\"elementor-widget-container\">\n\t\t\t\t\t\t\t<form class=\"elementor-form\" method=\"post\" name=\"Contact Us\" aria-label=\"Contact Us\" action=\"\">\n\t\t\t<input type=\"hidden\" name=\"post_id\" value=\"463\"\/>\n\t\t\t<input type=\"hidden\" name=\"form_id\" value=\"88bd693\"\/>\n\t\t\t<input type=\"hidden\" name=\"referer_title\" value=\"Kontakt - Marek Dworzecki\" \/>\n\n\t\t\t\t\t\t\t<input type=\"hidden\" name=\"queried_id\" value=\"463\"\/>\n\t\t\t\n\t\t\t<div class=\"elementor-form-fields-wrapper elementor-labels-\">\n\t\t\t\t\t\t\t\t<div class=\"elementor-field-type-text elementor-field-group elementor-column elementor-field-group-name elementor-col-33 elementor-md-50\">\n\t\t\t\t\t\t\t\t\t\t\t\t<label for=\"form-field-name\" class=\"elementor-field-label elementor-screen-only\">\n\t\t\t\t\t\t\t\tImi\u0119\t\t\t\t\t\t\t<\/label>\n\t\t\t\t\t\t\t\t\t\t\t\t\t\t<input size=\"1\" type=\"text\" name=\"form_fields[name]\" id=\"form-field-name\" class=\"elementor-field elementor-size-sm  elementor-field-textual\" placeholder=\"Imi\u0119\">\n\t\t\t\t\t\t\t\t\t\t\t<\/div>\n\t\t\t\t\t\t\t\t<div class=\"elementor-field-type-text elementor-field-group elementor-column elementor-field-group-field_c0493bd elementor-col-33 elementor-md-50\">\n\t\t\t\t\t\t\t\t\t\t\t\t<label for=\"form-field-field_c0493bd\" class=\"elementor-field-label elementor-screen-only\">\n\t\t\t\t\t\t\t\tNazwisko\t\t\t\t\t\t\t<\/label>\n\t\t\t\t\t\t\t\t\t\t\t\t\t\t<input size=\"1\" type=\"text\" name=\"form_fields[field_c0493bd]\" id=\"form-field-field_c0493bd\" class=\"elementor-field elementor-size-sm  elementor-field-textual\" placeholder=\"Nazwisko\">\n\t\t\t\t\t\t\t\t\t\t\t<\/div>\n\t\t\t\t\t\t\t\t<div class=\"elementor-field-type-tel elementor-field-group elementor-column elementor-field-group-field_719ed13 elementor-col-33 elementor-md-50 elementor-field-required\">\n\t\t\t\t\t\t\t\t\t\t\t\t<label for=\"form-field-field_719ed13\" class=\"elementor-field-label elementor-screen-only\">\n\t\t\t\t\t\t\t\tNumer telefonu\t\t\t\t\t\t\t<\/label>\n\t\t\t\t\t\t\t\t<input size=\"1\" type=\"tel\" name=\"form_fields[field_719ed13]\" id=\"form-field-field_719ed13\" class=\"elementor-field elementor-size-sm  elementor-field-textual\" placeholder=\"Numer telefonu\" required=\"required\" pattern=\"[0-9()#&amp;+*-=.]+\" title=\"Only numbers and phone characters (#, -, *, etc) are accepted.\" data-no-translation-title=\"\">\n\n\t\t\t\t\t\t<\/div>\n\t\t\t\t\t\t\t\t<div class=\"elementor-field-type-email elementor-field-group elementor-column elementor-field-group-email elementor-col-33 elementor-md-50 elementor-field-required\">\n\t\t\t\t\t\t\t\t\t\t\t\t<label for=\"form-field-email\" class=\"elementor-field-label elementor-screen-only\">\n\t\t\t\t\t\t\t\tEmail\t\t\t\t\t\t\t<\/label>\n\t\t\t\t\t\t\t\t\t\t\t\t\t\t<input size=\"1\" type=\"email\" name=\"form_fields[email]\" id=\"form-field-email\" class=\"elementor-field elementor-size-sm  elementor-field-textual\" placeholder=\"* Adres e-mail\" required=\"required\">\n\t\t\t\t\t\t\t\t\t\t\t<\/div>\n\t\t\t\t\t\t\t\t<div class=\"elementor-field-type-textarea elementor-field-group elementor-column elementor-field-group-message elementor-col-33 elementor-md-100\">\n\t\t\t\t\t\t\t\t\t\t\t\t<label for=\"form-field-message\" class=\"elementor-field-label elementor-screen-only\">\n\t\t\t\t\t\t\t\tWiadomo\u015b\u0107\t\t\t\t\t\t\t<\/label>\n\t\t\t\t\t\t<textarea class=\"elementor-field-textual elementor-field  elementor-size-sm\" name=\"form_fields[message]\" id=\"form-field-message\" rows=\"1\" placeholder=\"Wiadomo\u015b\u0107\"><\/textarea>\t\t\t\t<\/div>\n\t\t\t\t\t\t\t\t<div class=\"elementor-field-group elementor-column elementor-field-type-submit elementor-col-25 e-form__buttons elementor-md-100\">\n\t\t\t\t\t<button class=\"elementor-button elementor-size-sm elementor-animation-shrink\" type=\"submit\">\n\t\t\t\t\t\t<span class=\"elementor-button-content-wrapper\">\n\t\t\t\t\t\t\t\t\t\t\t\t\t\t\t\t\t\t\t\t\t\t<span class=\"elementor-button-text\">Wy\u015blij<\/span>\n\t\t\t\t\t\t\t\t\t\t\t\t\t<\/span>\n\t\t\t\t\t<\/button>\n\t\t\t\t<\/div>\n\t\t\t<\/div>\n\t\t<input type=\"hidden\" name=\"trp-form-language\" value=\"fi\"\/><\/form>\n\t\t\t\t\t\t<\/div>\n\t\t\t\t<\/div>\n\t\t\t\t\t<\/div>\n\t\t\t\t<\/div>\n\t\t<div class=\"elementor-element elementor-element-ca5f68e e-con-full e-flex e-con e-parent\" data-id=\"ca5f68e\" data-element_type=\"container\">\n\t\t\t\t<div class=\"elementor-element elementor-element-ab34b29 elementor-widget elementor-widget-google_maps\" data-id=\"ab34b29\" data-element_type=\"widget\" data-widget_type=\"google_maps.default\">\n\t\t\t\t<div class=\"elementor-widget-container\">\n\t\t\t\t\t\t\t<div class=\"elementor-custom-embed\">\n\t\t\t<iframe loading=\"lazy\"\n\t\t\t\t\tsrc=\"https:\/\/maps.google.com\/maps?q=25%20Czerwca%2068%2C%2026-610%20Radom&#038;t=m&#038;z=17&#038;output=embed&#038;iwloc=near\"\n\t\t\t\t\ttitle=\"25 Czerwca 68, 26-610 Radom\"\n\t\t\t\t\taria-label=\"25 Czerwca 68, 26-610 Radom\"\n\t\t\t><\/iframe>\n\t\t<\/div>\n\t\t\t\t\t\t<\/div>\n\t\t\t\t<\/div>\n\t\t\t\t<\/div>\n\t\t\t\t<\/div>","protected":false},"excerpt":{"rendered":"<p>zAPISZ SI\u0118 NA jazdy doszkalaj\u0105ce Dzwoni\u0105c bezpo\u015brednio do mnie lub wype\u0142niaj\u0105c poni\u017cszy formularz kontaktowy. DANE KONTAKTOWE +48 606 780 998 marek.dworzecki@idtj.pl OSK L-MOT Budynek Las\u00f3w Pa\u0144stwowych,p. 21 ul. 25 Czerwca 68, 26-600 Radom tel: 48 363 21 21e-mail: info@l-mot.radom.pl Wybierz form\u0119 szybkiego kontaktu Zadzwo\u0144 Wy\u015blij wiadomo\u015b\u0107 SMS Wy\u015blij wiadomo\u015b\u0107 w aplikacji Messenger Wy\u015blij wiadomo\u015b\u0107 w [&hellip;]<\/p>","protected":false},"author":1,"featured_media":204,"parent":0,"menu_order":0,"comment_status":"closed","ping_status":"closed","template":"","meta":{"_acf_changed":false,"_sharing_image":[],"_sharing_image_fieldset":[],"footnotes":""},"class_list":["post-463","page","type-page","status-publish","has-post-thumbnail","hentry"],"acf":[],"yoast_head":"<!-- This site is optimized with the Yoast SEO Premium plugin v21.1 (Yoast SEO v26.2) - https:\/\/yoast.com\/wordpress\/plugins\/seo\/ -->\n<title>Kontakt - Marek Dworzecki<\/title>\n<meta name=\"robots\" content=\"index, follow, max-snippet:-1, max-image-preview:large, max-video-preview:-1\" \/>\n<link rel=\"canonical\" href=\"https:\/\/marekdworzecki.pl\/fi\/kontakt\/\" \/>\n<meta property=\"og:locale\" content=\"fi_FI\" \/>\n<meta property=\"og:type\" content=\"article\" \/>\n<meta property=\"og:title\" content=\"Kontakt\" \/>\n<meta property=\"og:description\" content=\"zAPISZ SI\u0118 NA jazdy doszkalaj\u0105ce Dzwoni\u0105c bezpo\u015brednio do mnie lub wype\u0142niaj\u0105c poni\u017cszy formularz kontaktowy. DANE KONTAKTOWE +48 606 780 998 marek.dworzecki@idtj.pl OSK L-MOT Budynek Las\u00f3w Pa\u0144stwowych,p. 21 ul. 25 Czerwca 68, 26-600 Radom tel: 48 363 21 21e-mail: info@l-mot.radom.pl Wybierz form\u0119 szybkiego kontaktu Zadzwo\u0144 Wy\u015blij wiadomo\u015b\u0107 SMS Wy\u015blij wiadomo\u015b\u0107 w aplikacji Messenger Wy\u015blij wiadomo\u015b\u0107 w [&hellip;]\" \/>\n<meta property=\"og:url\" content=\"https:\/\/marekdworzecki.pl\/fi\/kontakt\/\" \/>\n<meta property=\"og:site_name\" content=\"Marek Dworzecki\" \/>\n<meta property=\"article:modified_time\" content=\"2025-08-01T12:11:48+00:00\" \/>\n<meta property=\"og:image\" content=\"https:\/\/marekdworzecki.pl\/wp-content\/uploads\/2024\/05\/02.-Ktoras-zakladka-podstrona-scaled.jpg\" \/>\n\t<meta property=\"og:image:width\" content=\"2560\" \/>\n\t<meta property=\"og:image:height\" content=\"1685\" \/>\n\t<meta property=\"og:image:type\" content=\"image\/jpeg\" \/>\n<meta name=\"twitter:card\" content=\"summary_large_image\" \/>\n<meta name=\"twitter:label1\" content=\"Arvioitu lukuaika\" \/>\n\t<meta name=\"twitter:data1\" content=\"1 minuutti\" \/>\n<script type=\"application\/ld+json\" class=\"yoast-schema-graph\">{\"@context\":\"https:\/\/schema.org\",\"@graph\":[{\"@type\":\"WebPage\",\"@id\":\"https:\/\/marekdworzecki.pl\/de\/kontakt\/\",\"url\":\"https:\/\/marekdworzecki.pl\/de\/kontakt\/\",\"name\":\"Kontakt - Marek Dworzecki\",\"isPartOf\":{\"@id\":\"https:\/\/marekdworzecki.pl\/en\/#website\"},\"primaryImageOfPage\":{\"@id\":\"https:\/\/marekdworzecki.pl\/de\/kontakt\/#primaryimage\"},\"image\":{\"@id\":\"https:\/\/marekdworzecki.pl\/de\/kontakt\/#primaryimage\"},\"thumbnailUrl\":\"https:\/\/marekdworzecki.pl\/wp-content\/uploads\/2024\/05\/02.-Ktoras-zakladka-podstrona-scaled.jpg\",\"datePublished\":\"2024-05-13T17:54:33+00:00\",\"dateModified\":\"2025-08-01T12:11:48+00:00\",\"breadcrumb\":{\"@id\":\"https:\/\/marekdworzecki.pl\/de\/kontakt\/#breadcrumb\"},\"inLanguage\":\"fi\",\"potentialAction\":[{\"@type\":\"ReadAction\",\"target\":[\"https:\/\/marekdworzecki.pl\/de\/kontakt\/\"]}]},{\"@type\":\"ImageObject\",\"inLanguage\":\"fi\",\"@id\":\"https:\/\/marekdworzecki.pl\/de\/kontakt\/#primaryimage\",\"url\":\"https:\/\/marekdworzecki.pl\/wp-content\/uploads\/2024\/05\/02.-Ktoras-zakladka-podstrona-scaled.jpg\",\"contentUrl\":\"https:\/\/marekdworzecki.pl\/wp-content\/uploads\/2024\/05\/02.-Ktoras-zakladka-podstrona-scaled.jpg\",\"width\":2560,\"height\":1685},{\"@type\":\"BreadcrumbList\",\"@id\":\"https:\/\/marekdworzecki.pl\/de\/kontakt\/#breadcrumb\",\"itemListElement\":[{\"@type\":\"ListItem\",\"position\":1,\"name\":\"Strona g\u0142\u00f3wna\",\"item\":\"https:\/\/marekdworzecki.pl\/de\/\"},{\"@type\":\"ListItem\",\"position\":2,\"name\":\"Kontakt\"}]},{\"@type\":\"WebSite\",\"@id\":\"https:\/\/marekdworzecki.pl\/en\/#website\",\"url\":\"https:\/\/marekdworzecki.pl\/en\/\",\"name\":\"Marek Dworzecki\",\"description\":\"Instruktor nauki jazdy i techniki jazdy | Trener jazdy defensywnej | Jazdy doszkalaj\u0105ce Radom\",\"publisher\":{\"@id\":\"https:\/\/marekdworzecki.pl\/en\/#organization\"},\"potentialAction\":[{\"@type\":\"SearchAction\",\"target\":{\"@type\":\"EntryPoint\",\"urlTemplate\":\"https:\/\/marekdworzecki.pl\/en\/?s={search_term_string}\"},\"query-input\":{\"@type\":\"PropertyValueSpecification\",\"valueRequired\":true,\"valueName\":\"search_term_string\"}}],\"inLanguage\":\"fi\"},{\"@type\":\"Organization\",\"@id\":\"https:\/\/marekdworzecki.pl\/en\/#organization\",\"name\":\"Marek Dworzecki\",\"url\":\"https:\/\/marekdworzecki.pl\/en\/\",\"logo\":{\"@type\":\"ImageObject\",\"inLanguage\":\"fi\",\"@id\":\"https:\/\/marekdworzecki.pl\/en\/#\/schema\/logo\/image\/\",\"url\":\"https:\/\/marekdworzecki.pl\/wp-content\/uploads\/2024\/05\/64.-Marek-logo.png\",\"contentUrl\":\"https:\/\/marekdworzecki.pl\/wp-content\/uploads\/2024\/05\/64.-Marek-logo.png\",\"width\":3315,\"height\":1084,\"caption\":\"Marek Dworzecki\"},\"image\":{\"@id\":\"https:\/\/marekdworzecki.pl\/en\/#\/schema\/logo\/image\/\"}}]}<\/script>\n<!-- \/ Yoast SEO Premium plugin. -->","yoast_head_json":{"title":"Kontakt - Marek Dworzecki","robots":{"index":"index","follow":"follow","max-snippet":"max-snippet:-1","max-image-preview":"max-image-preview:large","max-video-preview":"max-video-preview:-1"},"canonical":"https:\/\/marekdworzecki.pl\/fi\/kontakt\/","og_locale":"fi_FI","og_type":"article","og_title":"Kontakt","og_description":"zAPISZ SI\u0118 NA jazdy doszkalaj\u0105ce Dzwoni\u0105c bezpo\u015brednio do mnie lub wype\u0142niaj\u0105c poni\u017cszy formularz kontaktowy. DANE KONTAKTOWE +48 606 780 998 marek.dworzecki@idtj.pl OSK L-MOT Budynek Las\u00f3w Pa\u0144stwowych,p. 21 ul. 25 Czerwca 68, 26-600 Radom tel: 48 363 21 21e-mail: info@l-mot.radom.pl Wybierz form\u0119 szybkiego kontaktu Zadzwo\u0144 Wy\u015blij wiadomo\u015b\u0107 SMS Wy\u015blij wiadomo\u015b\u0107 w aplikacji Messenger Wy\u015blij wiadomo\u015b\u0107 w [&hellip;]","og_url":"https:\/\/marekdworzecki.pl\/fi\/kontakt\/","og_site_name":"Marek Dworzecki","article_modified_time":"2025-08-01T12:11:48+00:00","og_image":[{"width":2560,"height":1685,"url":"https:\/\/marekdworzecki.pl\/wp-content\/uploads\/2024\/05\/02.-Ktoras-zakladka-podstrona-scaled.jpg","type":"image\/jpeg"}],"twitter_card":"summary_large_image","twitter_misc":{"Arvioitu lukuaika":"1 minuutti"},"schema":{"@context":"https:\/\/schema.org","@graph":[{"@type":"WebPage","@id":"https:\/\/marekdworzecki.pl\/de\/kontakt\/","url":"https:\/\/marekdworzecki.pl\/de\/kontakt\/","name":"Kontakt - Marek Dworzecki","isPartOf":{"@id":"https:\/\/marekdworzecki.pl\/en\/#website"},"primaryImageOfPage":{"@id":"https:\/\/marekdworzecki.pl\/de\/kontakt\/#primaryimage"},"image":{"@id":"https:\/\/marekdworzecki.pl\/de\/kontakt\/#primaryimage"},"thumbnailUrl":"https:\/\/marekdworzecki.pl\/wp-content\/uploads\/2024\/05\/02.-Ktoras-zakladka-podstrona-scaled.jpg","datePublished":"2024-05-13T17:54:33+00:00","dateModified":"2025-08-01T12:11:48+00:00","breadcrumb":{"@id":"https:\/\/marekdworzecki.pl\/de\/kontakt\/#breadcrumb"},"inLanguage":"fi","potentialAction":[{"@type":"ReadAction","target":["https:\/\/marekdworzecki.pl\/de\/kontakt\/"]}]},{"@type":"ImageObject","inLanguage":"fi","@id":"https:\/\/marekdworzecki.pl\/de\/kontakt\/#primaryimage","url":"https:\/\/marekdworzecki.pl\/wp-content\/uploads\/2024\/05\/02.-Ktoras-zakladka-podstrona-scaled.jpg","contentUrl":"https:\/\/marekdworzecki.pl\/wp-content\/uploads\/2024\/05\/02.-Ktoras-zakladka-podstrona-scaled.jpg","width":2560,"height":1685},{"@type":"BreadcrumbList","@id":"https:\/\/marekdworzecki.pl\/de\/kontakt\/#breadcrumb","itemListElement":[{"@type":"ListItem","position":1,"name":"Strona g\u0142\u00f3wna","item":"https:\/\/marekdworzecki.pl\/de\/"},{"@type":"ListItem","position":2,"name":"Kontakt"}]},{"@type":"WebSite","@id":"https:\/\/marekdworzecki.pl\/en\/#website","url":"https:\/\/marekdworzecki.pl\/en\/","name":"Marek Dworzecki","description":"Instruktor nauki jazdy i techniki jazdy | Trener jazdy defensywnej | Jazdy doszkalaj\u0105ce Radom","publisher":{"@id":"https:\/\/marekdworzecki.pl\/en\/#organization"},"potentialAction":[{"@type":"SearchAction","target":{"@type":"EntryPoint","urlTemplate":"https:\/\/marekdworzecki.pl\/en\/?s={search_term_string}"},"query-input":{"@type":"PropertyValueSpecification","valueRequired":true,"valueName":"search_term_string"}}],"inLanguage":"fi"},{"@type":"Organization","@id":"https:\/\/marekdworzecki.pl\/en\/#organization","name":"Marek Dworzecki","url":"https:\/\/marekdworzecki.pl\/en\/","logo":{"@type":"ImageObject","inLanguage":"fi","@id":"https:\/\/marekdworzecki.pl\/en\/#\/schema\/logo\/image\/","url":"https:\/\/marekdworzecki.pl\/wp-content\/uploads\/2024\/05\/64.-Marek-logo.png","contentUrl":"https:\/\/marekdworzecki.pl\/wp-content\/uploads\/2024\/05\/64.-Marek-logo.png","width":3315,"height":1084,"caption":"Marek Dworzecki"},"image":{"@id":"https:\/\/marekdworzecki.pl\/en\/#\/schema\/logo\/image\/"}}]}},"_links":{"self":[{"href":"https:\/\/marekdworzecki.pl\/fi\/wp-json\/wp\/v2\/pages\/463","targetHints":{"allow":["GET"]}}],"collection":[{"href":"https:\/\/marekdworzecki.pl\/fi\/wp-json\/wp\/v2\/pages"}],"about":[{"href":"https:\/\/marekdworzecki.pl\/fi\/wp-json\/wp\/v2\/types\/page"}],"author":[{"embeddable":true,"href":"https:\/\/marekdworzecki.pl\/fi\/wp-json\/wp\/v2\/users\/1"}],"replies":[{"embeddable":true,"href":"https:\/\/marekdworzecki.pl\/fi\/wp-json\/wp\/v2\/comments?post=463"}],"version-history":[{"count":61,"href":"https:\/\/marekdworzecki.pl\/fi\/wp-json\/wp\/v2\/pages\/463\/revisions"}],"predecessor-version":[{"id":2096,"href":"https:\/\/marekdworzecki.pl\/fi\/wp-json\/wp\/v2\/pages\/463\/revisions\/2096"}],"wp:featuredmedia":[{"embeddable":true,"href":"https:\/\/marekdworzecki.pl\/fi\/wp-json\/wp\/v2\/media\/204"}],"wp:attachment":[{"href":"https:\/\/marekdworzecki.pl\/fi\/wp-json\/wp\/v2\/media?parent=463"}],"curies":[{"name":"wp","href":"https:\/\/api.w.org\/{rel}","templated":true}]}}